{"id":188,"date":"2020-11-25T17:44:20","date_gmt":"2020-11-25T17:44:20","guid":{"rendered":"http:\/\/www.pohjanviestikilta.fi\/?page_id=188"},"modified":"2026-01-31T12:32:22","modified_gmt":"2026-01-31T12:32:22","slug":"jasenhakemus","status":"publish","type":"page","link":"https:\/\/www.pohjanviestikilta.fi\/index.php\/jasenhakemus\/","title":{"rendered":"J\u00e4senhakemus"},"content":{"rendered":"<div class=\"style-316 style-local-188-c1 position-relative\" data-colibri-id=\"188-c1\">\n<div id=\"custom\" class=\"h-section h-section-global-spacing d-flex align-items-lg-center align-items-md-center align-items-center style-336 style-local-188-c2 position-relative\" data-colibri-component=\"section\" data-colibri-id=\"188-c2\">\n<div class=\"h-section-grid-container h-section-boxed-container\">\n<div class=\"h-row-container gutters-row-lg-2 gutters-row-md-2 gutters-row-0 gutters-row-v-lg-2 gutters-row-v-md-2 gutters-row-v-2 style-343 style-local-188-c3 position-relative\" data-colibri-id=\"188-c3\">\n<div class=\"h-row justify-content-lg-center justify-content-md-center justify-content-center align-items-lg-stretch align-items-md-stretch align-items-stretch gutters-col-lg-2 gutters-col-md-2 gutters-col-0 gutters-col-v-lg-2 gutters-col-v-md-2 gutters-col-v-2\">\n<div class=\"h-column h-column-container d-flex h-col-lg-auto h-col-md-auto h-col-auto style-346-outer style-local-188-c5-outer\">\n<div class=\"d-flex h-flex-basis h-column__inner h-px-lg-2 h-px-md-2 h-px-2 v-inner-lg-2 v-inner-md-2 v-inner-2 style-346 style-local-188-c5 position-relative\" data-colibri-id=\"188-c5\">\n<div class=\"w-100 h-y-container h-column__content h-column__v-align flex-basis-100 align-self-lg-start align-self-md-start align-self-start\">\n<div class=\"h-text h-text-component style-347 style-local-188-c6 position-relative h-element\" data-colibri-id=\"188-c6\">\n<div class=\"\">\n<p>Pohjan Viestikillan j\u00e4senyytt\u00e4 haetaan <a href=\"https:\/\/maanpuolustusrekisteri.fi\/verkkolomakkeet\/Jasenhakemus\/Yhdistys?organisaatio=1542810\">maanpuolustusrekisterin<\/a>\u00a0kautta.<\/p>\n<p>Hallitus k\u00e4sittelee hakemuksesi ensi tilassa. Vuosittainen j\u00e4senmaksu on 30 \u20ac.<\/p>\n<\/div>\n<\/div>\n<\/div>\n<\/div>\n<\/div>\n<\/div>\n<\/div>\n<div class=\"h-row-container gutters-row-lg-2 gutters-row-md-2 gutters-row-0 gutters-row-v-lg-2 gutters-row-v-md-2 gutters-row-v-2 style-337 style-local-188-c13 position-relative\" data-colibri-id=\"188-c13\">\n<div class=\"h-row justify-content-lg-center justify-content-md-center justify-content-center align-items-lg-stretch align-items-md-stretch align-items-stretch gutters-col-lg-2 gutters-col-md-2 gutters-col-0 gutters-col-v-lg-2 gutters-col-v-md-2 gutters-col-v-2\">\n<div class=\"h-column h-column-container d-flex h-col-lg-auto h-col-md-auto h-col-auto style-350-outer style-local-188-c15-outer\">\n<div class=\"d-flex h-flex-basis h-column__inner h-px-lg-2 h-px-md-2 h-px-2 v-inner-lg-2 v-inner-md-2 v-inner-2 style-350 style-local-188-c15 position-relative\" data-colibri-id=\"188-c15\">\n<div class=\"w-100 h-y-container h-column__content h-column__v-align flex-basis-100 align-self-lg-start align-self-md-start align-self-start\">\n<div class=\"h-text h-text-component style-352 style-local-188-c16 position-relative h-element\" data-colibri-id=\"188-c16\">\n<div class=\"\">\n<p>Tule mukaan. Radioamat\u00f6\u00f6ritoimintaa, ammuntaa, dronetoimintaa, urheilua, perinnetoimintaa, koulutustoimintaa.<\/p>\n<p><a href=\"https:\/\/maanpuolustusrekisteri.fi\/verkkolomakkeet\/Jasenhakemus\/Yhdistys?organisaatio=1542810\">Hae nyt!<\/a><\/p>\n<p><a href=\"https:\/\/maanpuolustusrekisteri.fi\/verkkolomakkeet\/Jasenhakemus\/Yhdistys?organisaatio=1542810\">J\u00e4senhakemus<\/a><\/p>\n<p>Huom! Valitse j\u00e4sentietokohtaan: &#8221;Pohjan Viestikilta ry&#8221;\u00a0<\/p>\n<p>Ongelmatilanteissa ole yhteydess\u00e4 hallitukseen (hallitus@pohjanviestikilta.fi)<\/p>\n<\/div>\n<\/div>\n<\/div>\n<\/div>\n<\/div>\n<\/div>\n<\/div>\n<\/div>\n<\/div>\n<\/div>\n\n\n<p><\/p>\n","protected":false},"excerpt":{"rendered":"<p>Pohjan Viestikillan j\u00e4senyytt\u00e4 haetaan maanpuolustusrekisterin\u00a0kautta. Hallitus k\u00e4sittelee hakemuksesi ensi tilassa. Vuosittainen j\u00e4senmaksu on 30 \u20ac. Tule mukaan. Radioamat\u00f6\u00f6ritoimintaa, ammuntaa, dronetoimintaa, urheilua, perinnetoimintaa, koulutustoimintaa. Hae nyt! J\u00e4senhakemus Huom! Valitse j\u00e4sentietokohtaan: &#8221;Pohjan Viestikilta ry&#8221;\u00a0 Ongelmatilanteissa ole yhteydess\u00e4 hallitukseen (hallitus@pohjanviestikilta.fi)<\/p>\n","protected":false},"author":1,"featured_media":0,"parent":0,"menu_order":0,"comment_status":"closed","ping_status":"closed","template":"","meta":{"_mc_calendar":[],"footnotes":""},"class_list":["post-188","page","type-page","status-publish","hentry"],"_links":{"self":[{"href":"https:\/\/www.pohjanviestikilta.fi\/index.php\/wp-json\/wp\/v2\/pages\/188","targetHints":{"allow":["GET"]}}],"collection":[{"href":"https:\/\/www.pohjanviestikilta.fi\/index.php\/wp-json\/wp\/v2\/pages"}],"about":[{"href":"https:\/\/www.pohjanviestikilta.fi\/index.php\/wp-json\/wp\/v2\/types\/page"}],"author":[{"embeddable":true,"href":"https:\/\/www.pohjanviestikilta.fi\/index.php\/wp-json\/wp\/v2\/users\/1"}],"replies":[{"embeddable":true,"href":"https:\/\/www.pohjanviestikilta.fi\/index.php\/wp-json\/wp\/v2\/comments?post=188"}],"version-history":[{"count":22,"href":"https:\/\/www.pohjanviestikilta.fi\/index.php\/wp-json\/wp\/v2\/pages\/188\/revisions"}],"predecessor-version":[{"id":872,"href":"https:\/\/www.pohjanviestikilta.fi\/index.php\/wp-json\/wp\/v2\/pages\/188\/revisions\/872"}],"wp:attachment":[{"href":"https:\/\/www.pohjanviestikilta.fi\/index.php\/wp-json\/wp\/v2\/media?parent=188"}],"curies":[{"name":"wp","href":"https:\/\/api.w.org\/{rel}","templated":true}]}}