{"id":2,"date":"2019-06-05T11:39:57","date_gmt":"2019-06-05T11:39:57","guid":{"rendered":"http:\/\/www.pohjanviestikilta.fi\/?page_id=2"},"modified":"2026-03-14T17:42:48","modified_gmt":"2026-03-14T17:42:48","slug":"hallitus","status":"publish","type":"page","link":"https:\/\/www.pohjanviestikilta.fi\/index.php\/hallitus\/","title":{"rendered":"Hallitus 2026"},"content":{"rendered":"\n<p><strong>Puheenjohtaja: Lauri Pohjanheimo<\/strong>, lauri.pohjanheimo gmail.com<\/p>\n\n\n\n<figure class=\"wp-block-image size-large is-resized\"><img loading=\"lazy\" decoding=\"async\" width=\"289\" height=\"330\" src=\"https:\/\/www.pohjanviestikilta.fi\/wp-content\/uploads\/2021\/03\/lauri-e1615986889535.jpg\" alt=\"\" class=\"wp-image-404\" style=\"width:191px;height:auto\" srcset=\"https:\/\/www.pohjanviestikilta.fi\/wp-content\/uploads\/2021\/03\/lauri-e1615986889535.jpg 289w, https:\/\/www.pohjanviestikilta.fi\/wp-content\/uploads\/2021\/03\/lauri-e1615986889535-263x300.jpg 263w\" sizes=\"auto, (max-width: 289px) 100vw, 289px\" \/><figcaption class=\"wp-element-caption\">Killan ampumaratavuoroilla ampumaturvallisuusvastaavana, my\u00f6s MPK:n ja PV:n ammunnanjohtajakoulutus sek\u00e4 SRA tuomarikurssi suoritettuna.<\/figcaption><\/figure>\n\n\n\n<p><strong>Muut j\u00e4senet:<\/strong><\/p>\n\n\n\n<p><strong>Kari Alenius<\/strong>, kari.alenius oulu.fi<\/p>\n\n\n\n<figure class=\"wp-block-image size-large is-resized\"><img loading=\"lazy\" decoding=\"async\" width=\"780\" height=\"1024\" src=\"https:\/\/www.pohjanviestikilta.fi\/wp-content\/uploads\/2021\/03\/Kari-Alenius-e1616484903506-780x1024.jpg\" alt=\"\" class=\"wp-image-433\" style=\"width:156px;height:auto\" srcset=\"https:\/\/www.pohjanviestikilta.fi\/wp-content\/uploads\/2021\/03\/Kari-Alenius-e1616484903506-780x1024.jpg 780w, https:\/\/www.pohjanviestikilta.fi\/wp-content\/uploads\/2021\/03\/Kari-Alenius-e1616484903506-229x300.jpg 229w, https:\/\/www.pohjanviestikilta.fi\/wp-content\/uploads\/2021\/03\/Kari-Alenius-e1616484903506-768x1008.jpg 768w, https:\/\/www.pohjanviestikilta.fi\/wp-content\/uploads\/2021\/03\/Kari-Alenius-e1616484903506-1171x1536.jpg 1171w, https:\/\/www.pohjanviestikilta.fi\/wp-content\/uploads\/2021\/03\/Kari-Alenius-e1616484903506.jpg 1217w\" sizes=\"auto, (max-width: 780px) 100vw, 780px\" \/><figcaption class=\"wp-element-caption\">Spesialiteettini viestialalla on informaatiosodank\u00e4ynti. Vastaan lis\u00e4ksi yliopistoyhteisty\u00f6st\u00e4 ja yhteyksien yll\u00e4pidosta ulkomaille.<\/figcaption><\/figure>\n\n\n\n<p><strong>Sami V\u00e4\u00e4r\u00e4niemi<\/strong><\/p>\n\n\n\n<p><strong>Jussi Kangasoja<\/strong>, jussi.kangasoja gmail.com<\/p>\n\n\n\n<p>Killan drone-toiminnan hallinnointi.<\/p>\n\n\n\n<p><strong>Sihteeri: Kalle L\u00e4hetkangas<\/strong>, kalle.lahetkangas gmail.com<\/p>\n\n\n\n<figure class=\"wp-block-image size-large is-resized\"><img loading=\"lazy\" decoding=\"async\" width=\"768\" height=\"1024\" src=\"https:\/\/www.pohjanviestikilta.fi\/wp-content\/uploads\/2024\/01\/20230722_122430-768x1024.jpg\" alt=\"\" class=\"wp-image-815\" style=\"width:212px;height:auto\" srcset=\"https:\/\/www.pohjanviestikilta.fi\/wp-content\/uploads\/2024\/01\/20230722_122430-768x1024.jpg 768w, https:\/\/www.pohjanviestikilta.fi\/wp-content\/uploads\/2024\/01\/20230722_122430-225x300.jpg 225w, https:\/\/www.pohjanviestikilta.fi\/wp-content\/uploads\/2024\/01\/20230722_122430-1152x1536.jpg 1152w, https:\/\/www.pohjanviestikilta.fi\/wp-content\/uploads\/2024\/01\/20230722_122430-1536x2048.jpg 1536w, https:\/\/www.pohjanviestikilta.fi\/wp-content\/uploads\/2024\/01\/20230722_122430-660x880.jpg 660w, https:\/\/www.pohjanviestikilta.fi\/wp-content\/uploads\/2024\/01\/20230722_122430-360x480.jpg 360w, https:\/\/www.pohjanviestikilta.fi\/wp-content\/uploads\/2024\/01\/20230722_122430-255x340.jpg 255w, https:\/\/www.pohjanviestikilta.fi\/wp-content\/uploads\/2024\/01\/20230722_122430-scaled.jpg 1920w\" sizes=\"auto, (max-width: 768px) 100vw, 768px\" \/><\/figure>\n\n\n\n<p>Kotipaikka Oulu, varusmiespalvelus Kajaanissa 2\/04 Pioneerikomppaniassa moottorialiupseerina. Harrastuksina ammunta ja lenkkeily, spesialisti tietoliikennetekniikan alalla.<\/p>\n\n\n\n<p><strong>Ari Okkonen<\/strong>, ari.okkonen gmail.com<\/p>\n\n\n\n<figure class=\"wp-block-image size-full\"><img loading=\"lazy\" decoding=\"async\" width=\"229\" height=\"276\" src=\"https:\/\/www.pohjanviestikilta.fi\/wp-content\/uploads\/2026\/02\/Ari_Sotkussa.jpg\" alt=\"Ari Sotkussa\" class=\"wp-image-881\"\/><\/figure>\n\n\n\n<p>Kotipaikka Oulu, varusmiespalvelus Oulussa 3\/79 1ErVK viestikomppaniassa radiomiehen\u00e4 ja kirjurina. Harrastuksina tietotekniikka, radioamat\u00f6\u00f6ritoiminta OH8CCO, purjehdus, kuorolaulu, lenkkeily, retkeily.<\/p>\n\n\n\n<p><strong>PH<\/strong>,<\/p>\n\n\n\n<p>Esittely t\u00e4h\u00e4n<\/p>\n\n\n\n<p><strong>IE<\/strong>,<\/p>\n\n\n\n<p>Esittely t\u00e4h\u00e4n<\/p>\n","protected":false},"excerpt":{"rendered":"<p>Puheenjohtaja: Lauri Pohjanheimo, lauri.pohjanheimo gmail.com Muut j\u00e4senet: Kari Alenius, kari.alenius oulu.fi Sami V\u00e4\u00e4r\u00e4niemi Jussi Kangasoja, jussi.kangasoja gmail.com Killan drone-toiminnan hallinnointi. Sihteeri: Kalle L\u00e4hetkangas, kalle.lahetkangas gmail.com Kotipaikka Oulu, varusmiespalvelus Kajaanissa 2\/04 Pioneerikomppaniassa moottorialiupseerina. Harrastuksina ammunta ja lenkkeily, spesialisti tietoliikennetekniikan alalla. Ari Okkonen, ari.okkonen gmail.com Kotipaikka Oulu, varusmiespalvelus Oulussa 3\/79 1ErVK viestikomppaniassa radiomiehen\u00e4 ja kirjurina. Harrastuksina tietotekniikka, [&hellip;]<\/p>\n","protected":false},"author":1,"featured_media":0,"parent":0,"menu_order":0,"comment_status":"closed","ping_status":"open","template":"","meta":{"_mc_calendar":[],"footnotes":""},"class_list":["post-2","page","type-page","status-publish","hentry"],"_links":{"self":[{"href":"https:\/\/www.pohjanviestikilta.fi\/index.php\/wp-json\/wp\/v2\/pages\/2","targetHints":{"allow":["GET"]}}],"collection":[{"href":"https:\/\/www.pohjanviestikilta.fi\/index.php\/wp-json\/wp\/v2\/pages"}],"about":[{"href":"https:\/\/www.pohjanviestikilta.fi\/index.php\/wp-json\/wp\/v2\/types\/page"}],"author":[{"embeddable":true,"href":"https:\/\/www.pohjanviestikilta.fi\/index.php\/wp-json\/wp\/v2\/users\/1"}],"replies":[{"embeddable":true,"href":"https:\/\/www.pohjanviestikilta.fi\/index.php\/wp-json\/wp\/v2\/comments?post=2"}],"version-history":[{"count":29,"href":"https:\/\/www.pohjanviestikilta.fi\/index.php\/wp-json\/wp\/v2\/pages\/2\/revisions"}],"predecessor-version":[{"id":886,"href":"https:\/\/www.pohjanviestikilta.fi\/index.php\/wp-json\/wp\/v2\/pages\/2\/revisions\/886"}],"wp:attachment":[{"href":"https:\/\/www.pohjanviestikilta.fi\/index.php\/wp-json\/wp\/v2\/media?parent=2"}],"curies":[{"name":"wp","href":"https:\/\/api.w.org\/{rel}","templated":true}]}}