{"id":560,"date":"2022-11-02T18:28:51","date_gmt":"2022-11-02T18:28:51","guid":{"rendered":"https:\/\/www.pohjanviestikilta.fi\/?page_id=560"},"modified":"2026-01-24T07:12:59","modified_gmt":"2026-01-24T07:12:59","slug":"ampumaratavuorot","status":"publish","type":"page","link":"https:\/\/www.pohjanviestikilta.fi\/index.php\/ampumaratavuorot\/","title":{"rendered":"Ampumaratavuorot"},"content":{"rendered":"\n<p>Aikoihin voi tulla muutoksia vuoden aikana, mutta muutokset pyrit\u00e4\u00e4n p\u00e4ivitt\u00e4m\u00e4\u00e4n t\u00e4lle sivulle.<\/p>\n\n\n\n<p>Ampumaratavuorot 2026:<\/p>\n\n\n\n<p>Ratavuorot:<br>24.1. Hiukkavaara 150m (a-rata 1) klo 12.00 \u2013 16.00<br>21.2. Hiukkavaara pistooli (a-rata 3A) klo 12.00 \u2013 16.00<br>11.4. Hiukkavaara 300m (a-rata 2) klo 12.00 \u2013 16.00<br>23.5. Hiukkavaara a-rata 3A klo 12.00 \u2013 16.00<br>27.6. Hiukkavaara a-rata 2 klo 10.00 \u2013 16.00<br>18.7. Hiukkavaara a-rata 3A klo 10.00 \u2013 16.00<br>15.8. Hiukkavaara a-rata 1 klo 10.00 \u2013 16.00<br>12.9. Hiukkavaara a-rata 3A klo 10.00 \u2013 16.00<br>10.10. Hiukkavaara a-rata 3A klo 10.00 \u2013 16.00<br>7.11. Hiukkavaara a-rata 1 klo 10.00 \u2013 16.00<br>12.12. Hiukkavaara a-rata 1 klo 10.00 \u2013 16.00<\/p>\n\n\n\n<p><\/p>\n\n\n\n<p>Ammuntoihin voi osallistua ilman omaa asetta ja patruunoita. Varaudu maksamaan a-tarvikkeista k\u00e4teisell\u00e4 paikanp\u00e4\u00e4ll\u00e4. Kellonaika 10:00\/12:00-16:00. Osoite Hiukanreitti 225, 90650 Oulu.<\/p>\n\n\n\n<p>Jos Haluat osallistua, ota yhteys hallitukseen.<\/p>\n\n\n\n<figure class=\"wp-block-image size-large is-resized\"><img loading=\"lazy\" decoding=\"async\" width=\"1032\" height=\"2149\" src=\"https:\/\/www.pohjanviestikilta.fi\/wp-content\/uploads\/2022\/11\/Snapchat-528266076-edited.jpg\" alt=\"\" class=\"wp-image-622\" style=\"width:293px;height:611px\" srcset=\"https:\/\/www.pohjanviestikilta.fi\/wp-content\/uploads\/2022\/11\/Snapchat-528266076-edited.jpg 1032w, https:\/\/www.pohjanviestikilta.fi\/wp-content\/uploads\/2022\/11\/Snapchat-528266076-edited-144x300.jpg 144w, https:\/\/www.pohjanviestikilta.fi\/wp-content\/uploads\/2022\/11\/Snapchat-528266076-edited-492x1024.jpg 492w, https:\/\/www.pohjanviestikilta.fi\/wp-content\/uploads\/2022\/11\/Snapchat-528266076-edited-768x1599.jpg 768w, https:\/\/www.pohjanviestikilta.fi\/wp-content\/uploads\/2022\/11\/Snapchat-528266076-edited-738x1536.jpg 738w, https:\/\/www.pohjanviestikilta.fi\/wp-content\/uploads\/2022\/11\/Snapchat-528266076-edited-983x2048.jpg 983w, https:\/\/www.pohjanviestikilta.fi\/wp-content\/uploads\/2022\/11\/Snapchat-528266076-edited-660x1374.jpg 660w, https:\/\/www.pohjanviestikilta.fi\/wp-content\/uploads\/2022\/11\/Snapchat-528266076-edited-231x480.jpg 231w, https:\/\/www.pohjanviestikilta.fi\/wp-content\/uploads\/2022\/11\/Snapchat-528266076-edited-255x531.jpg 255w\" sizes=\"auto, (max-width: 1032px) 100vw, 1032px\" \/><\/figure>\n","protected":false},"excerpt":{"rendered":"<p>Aikoihin voi tulla muutoksia vuoden aikana, mutta muutokset pyrit\u00e4\u00e4n p\u00e4ivitt\u00e4m\u00e4\u00e4n t\u00e4lle sivulle. Ampumaratavuorot 2026: Ratavuorot:24.1. Hiukkavaara 150m (a-rata 1) klo 12.00 \u2013 16.0021.2. Hiukkavaara pistooli (a-rata 3A) klo 12.00 \u2013 16.0011.4. Hiukkavaara 300m (a-rata 2) klo 12.00 \u2013 16.0023.5. Hiukkavaara a-rata 3A klo 12.00 \u2013 16.0027.6. Hiukkavaara a-rata 2 klo 10.00 \u2013 16.0018.7. Hiukkavaara a-rata [&hellip;]<\/p>\n","protected":false},"author":2,"featured_media":0,"parent":0,"menu_order":0,"comment_status":"closed","ping_status":"closed","template":"","meta":{"_mc_calendar":[],"footnotes":""},"class_list":["post-560","page","type-page","status-publish","hentry"],"_links":{"self":[{"href":"https:\/\/www.pohjanviestikilta.fi\/index.php\/wp-json\/wp\/v2\/pages\/560","targetHints":{"allow":["GET"]}}],"collection":[{"href":"https:\/\/www.pohjanviestikilta.fi\/index.php\/wp-json\/wp\/v2\/pages"}],"about":[{"href":"https:\/\/www.pohjanviestikilta.fi\/index.php\/wp-json\/wp\/v2\/types\/page"}],"author":[{"embeddable":true,"href":"https:\/\/www.pohjanviestikilta.fi\/index.php\/wp-json\/wp\/v2\/users\/2"}],"replies":[{"embeddable":true,"href":"https:\/\/www.pohjanviestikilta.fi\/index.php\/wp-json\/wp\/v2\/comments?post=560"}],"version-history":[{"count":14,"href":"https:\/\/www.pohjanviestikilta.fi\/index.php\/wp-json\/wp\/v2\/pages\/560\/revisions"}],"predecessor-version":[{"id":867,"href":"https:\/\/www.pohjanviestikilta.fi\/index.php\/wp-json\/wp\/v2\/pages\/560\/revisions\/867"}],"wp:attachment":[{"href":"https:\/\/www.pohjanviestikilta.fi\/index.php\/wp-json\/wp\/v2\/media?parent=560"}],"curies":[{"name":"wp","href":"https:\/\/api.w.org\/{rel}","templated":true}]}}