{"id":574,"date":"2022-11-02T19:37:41","date_gmt":"2022-11-02T19:37:41","guid":{"rendered":"https:\/\/www.pohjanviestikilta.fi\/?page_id=574"},"modified":"2024-01-06T18:56:57","modified_gmt":"2024-01-06T18:56:57","slug":"toiminta","status":"publish","type":"page","link":"https:\/\/www.pohjanviestikilta.fi\/index.php\/toiminta\/","title":{"rendered":"Toiminta"},"content":{"rendered":"\n<p>Killalla on joka lauantai Oulussa lenkki (paikka ilmoitetaan erikseen), joka sopii kaiken kuntoisille. Lis\u00e4ksi killalla on ampumaratavuoroja kerran kuussa Hiukkavaaran ampumaradalla. Ammunnat ovat p\u00e4\u00e4osin ohjattuja, ohjaajana toimii Lauri Pohjanheimo. Illanistujaisia j\u00e4rjestet\u00e4\u00e4n muutaman kerran vuodessa.<\/p>\n\n\n\n<p>Killan siirtyv\u00e4 radioamat\u00f6\u00f6riasema OI8VK on toiminnassa p\u00e4\u00e4asiassa viestitapahtumissa: viestiaselajin vuosip\u00e4iv\u00e4n\u00e4 ja MPK:n viestiliikenneharjoituksissa. Jos aseman toimintaan osallistuminen kiinnostaa, kysy lis\u00e4tietoa toimihenkil\u00f6ilt\u00e4.<\/p>\n\n\n\n<p>Kilta on rekister\u00f6ity miehitt\u00e4m\u00e4tt\u00f6m\u00e4n ilma-aluksen operaattoriksi. Kilta tarjoaa j\u00e4senilleen kouluttautumista ja lenn\u00e4tysharjoittelua. Drone-toiminnan vastaavana toimii Jussi Kangasoja.<\/p>\n\n\n\n<p>Killalla on oma Whatsapp-ryhm\u00e4, jossa sovitaan muun muassa yhteislenkeist\u00e4 sek\u00e4 muusta ep\u00e4virallisemmasta. Mik\u00e4li haluat mukaan, ilmoita siit\u00e4 liittyess\u00e4si, tai vaihtoehtoisesti killan s\u00e4hk\u00f6postiin hallitus@pohjanviestikilta.fi.<\/p>\n\n\n\n<p>Killan p\u00e4\u00e4harjoitus on vuosittain kes\u00e4n alussa j\u00e4rjestett\u00e4v\u00e4 Maanpuolustuskoulutusyhdistyksen Hiukka-harjoitus Oulussa. Kilta vastaa suurilta osin viestikurssin koulutuksesta ja ohjelmasta. Hiukka-harjoitukseen osallistuminen on erinomainen tapa hyp\u00e4t\u00e4 mukaan toimintaan. Harjoitukseen ilmoittaudutaan MPK:n verkkosivuilla, kun kurssin ilmoittautuminen on auki.<\/p>\n\n\n\n<p><\/p>\n\n\n\n<figure class=\"wp-block-image size-full is-resized\"><img loading=\"lazy\" decoding=\"async\" width=\"1024\" height=\"768\" src=\"https:\/\/www.pohjanviestikilta.fi\/wp-content\/uploads\/2022\/11\/WhatsApp-Image-2022-11-03-at-15.08.27-5.jpeg\" alt=\"\" class=\"wp-image-611\" style=\"width:507px;height:380px\" srcset=\"https:\/\/www.pohjanviestikilta.fi\/wp-content\/uploads\/2022\/11\/WhatsApp-Image-2022-11-03-at-15.08.27-5.jpeg 1024w, https:\/\/www.pohjanviestikilta.fi\/wp-content\/uploads\/2022\/11\/WhatsApp-Image-2022-11-03-at-15.08.27-5-300x225.jpeg 300w, https:\/\/www.pohjanviestikilta.fi\/wp-content\/uploads\/2022\/11\/WhatsApp-Image-2022-11-03-at-15.08.27-5-768x576.jpeg 768w, https:\/\/www.pohjanviestikilta.fi\/wp-content\/uploads\/2022\/11\/WhatsApp-Image-2022-11-03-at-15.08.27-5-660x495.jpeg 660w, https:\/\/www.pohjanviestikilta.fi\/wp-content\/uploads\/2022\/11\/WhatsApp-Image-2022-11-03-at-15.08.27-5-640x480.jpeg 640w, https:\/\/www.pohjanviestikilta.fi\/wp-content\/uploads\/2022\/11\/WhatsApp-Image-2022-11-03-at-15.08.27-5-255x191.jpeg 255w\" sizes=\"auto, (max-width: 1024px) 100vw, 1024px\" \/><\/figure>\n\n\n\n<figure class=\"wp-block-image size-full is-resized\"><img loading=\"lazy\" decoding=\"async\" width=\"768\" height=\"1024\" src=\"https:\/\/www.pohjanviestikilta.fi\/wp-content\/uploads\/2022\/11\/WhatsApp-Image-2022-11-03-at-15.19.55.jpeg\" alt=\"\" class=\"wp-image-614\" style=\"width:415px;height:553px\" srcset=\"https:\/\/www.pohjanviestikilta.fi\/wp-content\/uploads\/2022\/11\/WhatsApp-Image-2022-11-03-at-15.19.55.jpeg 768w, https:\/\/www.pohjanviestikilta.fi\/wp-content\/uploads\/2022\/11\/WhatsApp-Image-2022-11-03-at-15.19.55-225x300.jpeg 225w, https:\/\/www.pohjanviestikilta.fi\/wp-content\/uploads\/2022\/11\/WhatsApp-Image-2022-11-03-at-15.19.55-660x880.jpeg 660w, https:\/\/www.pohjanviestikilta.fi\/wp-content\/uploads\/2022\/11\/WhatsApp-Image-2022-11-03-at-15.19.55-360x480.jpeg 360w, https:\/\/www.pohjanviestikilta.fi\/wp-content\/uploads\/2022\/11\/WhatsApp-Image-2022-11-03-at-15.19.55-255x340.jpeg 255w\" sizes=\"auto, (max-width: 768px) 100vw, 768px\" \/><\/figure>\n\n\n\n<figure class=\"wp-block-image size-large is-resized\"><img loading=\"lazy\" decoding=\"async\" width=\"1024\" height=\"939\" src=\"https:\/\/www.pohjanviestikilta.fi\/wp-content\/uploads\/2022\/11\/WhatsApp-Image-2022-11-03-at-17.30.38-1024x939.jpeg\" alt=\"\" class=\"wp-image-625\" style=\"width:504px;height:462px\" srcset=\"https:\/\/www.pohjanviestikilta.fi\/wp-content\/uploads\/2022\/11\/WhatsApp-Image-2022-11-03-at-17.30.38-1024x939.jpeg 1024w, https:\/\/www.pohjanviestikilta.fi\/wp-content\/uploads\/2022\/11\/WhatsApp-Image-2022-11-03-at-17.30.38-300x275.jpeg 300w, https:\/\/www.pohjanviestikilta.fi\/wp-content\/uploads\/2022\/11\/WhatsApp-Image-2022-11-03-at-17.30.38-768x704.jpeg 768w, https:\/\/www.pohjanviestikilta.fi\/wp-content\/uploads\/2022\/11\/WhatsApp-Image-2022-11-03-at-17.30.38-1536x1408.jpeg 1536w, https:\/\/www.pohjanviestikilta.fi\/wp-content\/uploads\/2022\/11\/WhatsApp-Image-2022-11-03-at-17.30.38-660x605.jpeg 660w, https:\/\/www.pohjanviestikilta.fi\/wp-content\/uploads\/2022\/11\/WhatsApp-Image-2022-11-03-at-17.30.38-524x480.jpeg 524w, https:\/\/www.pohjanviestikilta.fi\/wp-content\/uploads\/2022\/11\/WhatsApp-Image-2022-11-03-at-17.30.38-255x234.jpeg 255w, https:\/\/www.pohjanviestikilta.fi\/wp-content\/uploads\/2022\/11\/WhatsApp-Image-2022-11-03-at-17.30.38.jpeg 1599w\" sizes=\"auto, (max-width: 1024px) 100vw, 1024px\" \/><\/figure>\n","protected":false},"excerpt":{"rendered":"<p>Killalla on joka lauantai Oulussa lenkki (paikka ilmoitetaan erikseen), joka sopii kaiken kuntoisille. Lis\u00e4ksi killalla on ampumaratavuoroja kerran kuussa Hiukkavaaran ampumaradalla. Ammunnat ovat p\u00e4\u00e4osin ohjattuja, ohjaajana toimii Lauri Pohjanheimo. Illanistujaisia j\u00e4rjestet\u00e4\u00e4n muutaman kerran vuodessa. Killan siirtyv\u00e4 radioamat\u00f6\u00f6riasema OI8VK on toiminnassa p\u00e4\u00e4asiassa viestitapahtumissa: viestiaselajin vuosip\u00e4iv\u00e4n\u00e4 ja MPK:n viestiliikenneharjoituksissa. Jos aseman toimintaan osallistuminen kiinnostaa, kysy lis\u00e4tietoa toimihenkil\u00f6ilt\u00e4. [&hellip;]<\/p>\n","protected":false},"author":2,"featured_media":0,"parent":0,"menu_order":0,"comment_status":"closed","ping_status":"closed","template":"","meta":{"_mc_calendar":[],"footnotes":""},"class_list":["post-574","page","type-page","status-publish","hentry"],"_links":{"self":[{"href":"https:\/\/www.pohjanviestikilta.fi\/index.php\/wp-json\/wp\/v2\/pages\/574","targetHints":{"allow":["GET"]}}],"collection":[{"href":"https:\/\/www.pohjanviestikilta.fi\/index.php\/wp-json\/wp\/v2\/pages"}],"about":[{"href":"https:\/\/www.pohjanviestikilta.fi\/index.php\/wp-json\/wp\/v2\/types\/page"}],"author":[{"embeddable":true,"href":"https:\/\/www.pohjanviestikilta.fi\/index.php\/wp-json\/wp\/v2\/users\/2"}],"replies":[{"embeddable":true,"href":"https:\/\/www.pohjanviestikilta.fi\/index.php\/wp-json\/wp\/v2\/comments?post=574"}],"version-history":[{"count":8,"href":"https:\/\/www.pohjanviestikilta.fi\/index.php\/wp-json\/wp\/v2\/pages\/574\/revisions"}],"predecessor-version":[{"id":813,"href":"https:\/\/www.pohjanviestikilta.fi\/index.php\/wp-json\/wp\/v2\/pages\/574\/revisions\/813"}],"wp:attachment":[{"href":"https:\/\/www.pohjanviestikilta.fi\/index.php\/wp-json\/wp\/v2\/media?parent=574"}],"curies":[{"name":"wp","href":"https:\/\/api.w.org\/{rel}","templated":true}]}}