{"id":676,"date":"2022-12-15T10:23:55","date_gmt":"2022-12-15T10:23:55","guid":{"rendered":"https:\/\/www.pohjanviestikilta.fi\/?page_id=676"},"modified":"2022-12-15T20:54:23","modified_gmt":"2022-12-15T20:54:23","slug":"yhteistyossa","status":"publish","type":"page","link":"https:\/\/www.pohjanviestikilta.fi\/index.php\/yhteistyossa\/","title":{"rendered":"Yhteisty\u00f6ss\u00e4"},"content":{"rendered":"\n<p>T\u00e4ll\u00e4 sivulla esittelemme killan yhteisty\u00f6kumppanit. Mik\u00e4li haluat yhteisty\u00f6h\u00f6n, ota yhteytt\u00e4 hallitus@pohjanviestikilta.fi.<\/p>\n\n\n\n<figure class=\"wp-block-image size-full is-resized\"><a href=\"http:\/\/www.lasia.fi\"><img loading=\"lazy\" decoding=\"async\" src=\"https:\/\/www.pohjanviestikilta.fi\/wp-content\/uploads\/2022\/12\/pikkulogo1.png\" alt=\"\" class=\"wp-image-682\" width=\"299\" height=\"142\" srcset=\"https:\/\/www.pohjanviestikilta.fi\/wp-content\/uploads\/2022\/12\/pikkulogo1.png 551w, https:\/\/www.pohjanviestikilta.fi\/wp-content\/uploads\/2022\/12\/pikkulogo1-300x143.png 300w, https:\/\/www.pohjanviestikilta.fi\/wp-content\/uploads\/2022\/12\/pikkulogo1-255x121.png 255w\" sizes=\"auto, (max-width: 299px) 100vw, 299px\" \/><\/a><figcaption class=\"wp-element-caption\">Oulun Rakennuslasi Oy on lasialan perheyritys, joka on toiminut vuodesta 1979.<\/figcaption><\/figure>\n\n\n\n<figure class=\"wp-block-image size-full is-resized\"><a href=\"http:\/\/www.brokerlink.fi\"><img loading=\"lazy\" decoding=\"async\" src=\"https:\/\/www.pohjanviestikilta.fi\/wp-content\/uploads\/2022\/12\/Logo_sininenrengas_WEB.jpg\" alt=\"\" class=\"wp-image-680\" width=\"234\" height=\"234\" srcset=\"https:\/\/www.pohjanviestikilta.fi\/wp-content\/uploads\/2022\/12\/Logo_sininenrengas_WEB.jpg 900w, https:\/\/www.pohjanviestikilta.fi\/wp-content\/uploads\/2022\/12\/Logo_sininenrengas_WEB-300x300.jpg 300w, https:\/\/www.pohjanviestikilta.fi\/wp-content\/uploads\/2022\/12\/Logo_sininenrengas_WEB-150x150.jpg 150w, https:\/\/www.pohjanviestikilta.fi\/wp-content\/uploads\/2022\/12\/Logo_sininenrengas_WEB-768x768.jpg 768w, https:\/\/www.pohjanviestikilta.fi\/wp-content\/uploads\/2022\/12\/Logo_sininenrengas_WEB-660x660.jpg 660w, https:\/\/www.pohjanviestikilta.fi\/wp-content\/uploads\/2022\/12\/Logo_sininenrengas_WEB-480x480.jpg 480w, https:\/\/www.pohjanviestikilta.fi\/wp-content\/uploads\/2022\/12\/Logo_sininenrengas_WEB-255x255.jpg 255w\" sizes=\"auto, (max-width: 234px) 100vw, 234px\" \/><\/a><figcaption class=\"wp-element-caption\">Brokerlink hoitaa ja kilpailuttaa yrityksesi vakuutukset.<\/figcaption><\/figure>\n\n\n\n<figure class=\"wp-block-image size-large is-resized\"><a href=\"http:\/\/www.eventilla.com\"><img loading=\"lazy\" decoding=\"async\" src=\"https:\/\/www.pohjanviestikilta.fi\/wp-content\/uploads\/2022\/12\/eventilla-1024x217.jpg\" alt=\"\" class=\"wp-image-679\" width=\"376\" height=\"80\" srcset=\"https:\/\/www.pohjanviestikilta.fi\/wp-content\/uploads\/2022\/12\/eventilla-1024x217.jpg 1024w, https:\/\/www.pohjanviestikilta.fi\/wp-content\/uploads\/2022\/12\/eventilla-300x63.jpg 300w, https:\/\/www.pohjanviestikilta.fi\/wp-content\/uploads\/2022\/12\/eventilla-768x163.jpg 768w, https:\/\/www.pohjanviestikilta.fi\/wp-content\/uploads\/2022\/12\/eventilla-660x140.jpg 660w, https:\/\/www.pohjanviestikilta.fi\/wp-content\/uploads\/2022\/12\/eventilla-640x135.jpg 640w, https:\/\/www.pohjanviestikilta.fi\/wp-content\/uploads\/2022\/12\/eventilla-255x54.jpg 255w, https:\/\/www.pohjanviestikilta.fi\/wp-content\/uploads\/2022\/12\/eventilla.jpg 1063w\" sizes=\"auto, (max-width: 376px) 100vw, 376px\" \/><\/a><figcaption class=\"wp-element-caption\">Automatisoi tapahtumanhallinta &#8211; ja keskity itse olennaiseen. Eventillalla hallitset live- ja online-tapahtumiasi verkossa: ilmoittautumiset, lipunmyynti ja muu tapahtumanhallinta &#8211; helposti ja nopeasti.<\/figcaption><\/figure>\n\n\n\n<figure class=\"wp-block-image size-large is-resized\"><a href=\"http:\/\/www.dapu.fi\"><img loading=\"lazy\" decoding=\"async\" src=\"https:\/\/www.pohjanviestikilta.fi\/wp-content\/uploads\/2022\/12\/logo-2020-Bc-jpg-1024x1024.jpg\" alt=\"\" class=\"wp-image-678\" width=\"164\" height=\"164\" srcset=\"https:\/\/www.pohjanviestikilta.fi\/wp-content\/uploads\/2022\/12\/logo-2020-Bc-jpg-1024x1024.jpg 1024w, https:\/\/www.pohjanviestikilta.fi\/wp-content\/uploads\/2022\/12\/logo-2020-Bc-jpg-300x300.jpg 300w, https:\/\/www.pohjanviestikilta.fi\/wp-content\/uploads\/2022\/12\/logo-2020-Bc-jpg-150x150.jpg 150w, https:\/\/www.pohjanviestikilta.fi\/wp-content\/uploads\/2022\/12\/logo-2020-Bc-jpg-768x768.jpg 768w, https:\/\/www.pohjanviestikilta.fi\/wp-content\/uploads\/2022\/12\/logo-2020-Bc-jpg-1536x1536.jpg 1536w, https:\/\/www.pohjanviestikilta.fi\/wp-content\/uploads\/2022\/12\/logo-2020-Bc-jpg-660x660.jpg 660w, https:\/\/www.pohjanviestikilta.fi\/wp-content\/uploads\/2022\/12\/logo-2020-Bc-jpg-480x480.jpg 480w, https:\/\/www.pohjanviestikilta.fi\/wp-content\/uploads\/2022\/12\/logo-2020-Bc-jpg-255x255.jpg 255w, https:\/\/www.pohjanviestikilta.fi\/wp-content\/uploads\/2022\/12\/logo-2020-Bc-jpg.jpg 1702w\" sizes=\"auto, (max-width: 164px) 100vw, 164px\" \/><\/a><figcaption class=\"wp-element-caption\">Monipuolista hautauspalvelua jokaisessa tarpeessa Oulun seudulla: arkut, uurnat, kuljetuspalvelu, kukkapalvelu, pitopalvelu, kivipalvelu, perunkirjoituspalvelu.<\/figcaption><\/figure>\n\n\n\n<figure class=\"wp-block-image size-large is-resized\"><a href=\"http:\/\/www.korasahko.fi\"><img loading=\"lazy\" decoding=\"async\" src=\"https:\/\/www.pohjanviestikilta.fi\/wp-content\/uploads\/2022\/12\/KORAsahko-LOGO-SUURI-numeroilla-elfin-saatoa2-1024x977.jpg\" alt=\"\" class=\"wp-image-677\" width=\"215\" height=\"205\" srcset=\"https:\/\/www.pohjanviestikilta.fi\/wp-content\/uploads\/2022\/12\/KORAsahko-LOGO-SUURI-numeroilla-elfin-saatoa2-1024x977.jpg 1024w, https:\/\/www.pohjanviestikilta.fi\/wp-content\/uploads\/2022\/12\/KORAsahko-LOGO-SUURI-numeroilla-elfin-saatoa2-300x286.jpg 300w, https:\/\/www.pohjanviestikilta.fi\/wp-content\/uploads\/2022\/12\/KORAsahko-LOGO-SUURI-numeroilla-elfin-saatoa2-768x732.jpg 768w, https:\/\/www.pohjanviestikilta.fi\/wp-content\/uploads\/2022\/12\/KORAsahko-LOGO-SUURI-numeroilla-elfin-saatoa2-660x629.jpg 660w, https:\/\/www.pohjanviestikilta.fi\/wp-content\/uploads\/2022\/12\/KORAsahko-LOGO-SUURI-numeroilla-elfin-saatoa2-503x480.jpg 503w, https:\/\/www.pohjanviestikilta.fi\/wp-content\/uploads\/2022\/12\/KORAsahko-LOGO-SUURI-numeroilla-elfin-saatoa2-255x243.jpg 255w, https:\/\/www.pohjanviestikilta.fi\/wp-content\/uploads\/2022\/12\/KORAsahko-LOGO-SUURI-numeroilla-elfin-saatoa2.jpg 1166w\" sizes=\"auto, (max-width: 215px) 100vw, 215px\" \/><\/a><figcaption class=\"wp-element-caption\">T\u00e4yden palvelun s\u00e4hk\u00f6urakointia Etel\u00e4-Pohjanmaan alueella.<\/figcaption><\/figure>\n\n\n\n<figure class=\"wp-block-image size-full is-resized\"><a href=\"http:\/\/www.tilintakojat.fi\"><img loading=\"lazy\" decoding=\"async\" src=\"https:\/\/www.pohjanviestikilta.fi\/wp-content\/uploads\/2022\/12\/tilintakojat.png\" alt=\"\" class=\"wp-image-686\" width=\"377\" height=\"135\" srcset=\"https:\/\/www.pohjanviestikilta.fi\/wp-content\/uploads\/2022\/12\/tilintakojat.png 522w, https:\/\/www.pohjanviestikilta.fi\/wp-content\/uploads\/2022\/12\/tilintakojat-300x107.png 300w, https:\/\/www.pohjanviestikilta.fi\/wp-content\/uploads\/2022\/12\/tilintakojat-255x91.png 255w\" sizes=\"auto, (max-width: 377px) 100vw, 377px\" \/><\/a><figcaption class=\"wp-element-caption\">Tilintakojat on tilitoimisto joka on yritt\u00e4jien puolella ja mukana menestyksess\u00e4 alusta alkaen.<br>Henkil\u00f6kohtaisempi l\u00e4hestymistapa mahdollistaa sen, ett\u00e4 osaamme auttaa paremmin. Palvelun laatu on toimintamme perusta.<br>Palvelemme kaikenkokoisia ja eritaustaisia yrityksi\u00e4. Meille ei ole v\u00e4li\u00e4 oletko pieni, suuri, ulkomaalaistaustainen tai jonkin tietyn toimialan yritys. Jos olet yritt\u00e4j\u00e4, olet menestyj\u00e4 &#8211; ja tervetullut meille.<\/figcaption><\/figure>\n\n\n\n<figure class=\"wp-block-image size-full is-resized\"><a href=\"http:\/\/www.acio.fi\"><img loading=\"lazy\" decoding=\"async\" src=\"https:\/\/www.pohjanviestikilta.fi\/wp-content\/uploads\/2022\/12\/ACIO_logo_medium_RGB_150ppi_valkea_tausta.jpg\" alt=\"\" class=\"wp-image-698\" width=\"289\" height=\"86\" srcset=\"https:\/\/www.pohjanviestikilta.fi\/wp-content\/uploads\/2022\/12\/ACIO_logo_medium_RGB_150ppi_valkea_tausta.jpg 508w, https:\/\/www.pohjanviestikilta.fi\/wp-content\/uploads\/2022\/12\/ACIO_logo_medium_RGB_150ppi_valkea_tausta-300x89.jpg 300w, https:\/\/www.pohjanviestikilta.fi\/wp-content\/uploads\/2022\/12\/ACIO_logo_medium_RGB_150ppi_valkea_tausta-255x76.jpg 255w\" sizes=\"auto, (max-width: 289px) 100vw, 289px\" \/><\/a><figcaption class=\"wp-element-caption\">Acio on menestyvien yritysten tietohallintokumppani. Tuotamme it-palveluita ja tietoturvaosaamista kasvuhakuisille yrityksille valtakunnallisesti.<\/figcaption><\/figure>\n","protected":false},"excerpt":{"rendered":"<p>T\u00e4ll\u00e4 sivulla esittelemme killan yhteisty\u00f6kumppanit. Mik\u00e4li haluat yhteisty\u00f6h\u00f6n, ota yhteytt\u00e4 hallitus@pohjanviestikilta.fi.<\/p>\n","protected":false},"author":6,"featured_media":0,"parent":0,"menu_order":0,"comment_status":"closed","ping_status":"closed","template":"","meta":{"_mc_calendar":[],"footnotes":""},"class_list":["post-676","page","type-page","status-publish","hentry"],"_links":{"self":[{"href":"https:\/\/www.pohjanviestikilta.fi\/index.php\/wp-json\/wp\/v2\/pages\/676","targetHints":{"allow":["GET"]}}],"collection":[{"href":"https:\/\/www.pohjanviestikilta.fi\/index.php\/wp-json\/wp\/v2\/pages"}],"about":[{"href":"https:\/\/www.pohjanviestikilta.fi\/index.php\/wp-json\/wp\/v2\/types\/page"}],"author":[{"embeddable":true,"href":"https:\/\/www.pohjanviestikilta.fi\/index.php\/wp-json\/wp\/v2\/users\/6"}],"replies":[{"embeddable":true,"href":"https:\/\/www.pohjanviestikilta.fi\/index.php\/wp-json\/wp\/v2\/comments?post=676"}],"version-history":[{"count":7,"href":"https:\/\/www.pohjanviestikilta.fi\/index.php\/wp-json\/wp\/v2\/pages\/676\/revisions"}],"predecessor-version":[{"id":699,"href":"https:\/\/www.pohjanviestikilta.fi\/index.php\/wp-json\/wp\/v2\/pages\/676\/revisions\/699"}],"wp:attachment":[{"href":"https:\/\/www.pohjanviestikilta.fi\/index.php\/wp-json\/wp\/v2\/media?parent=676"}],"curies":[{"name":"wp","href":"https:\/\/api.w.org\/{rel}","templated":true}]}}